{"id":2386,"date":"2022-02-25T14:58:18","date_gmt":"2022-02-25T13:58:18","guid":{"rendered":"https:\/\/www.levillagedesfous.com\/?page_id=2386"},"modified":"2024-09-11T16:19:02","modified_gmt":"2024-09-11T14:19:02","slug":"book-birthday","status":"publish","type":"page","link":"https:\/\/www.levillagedesfous.com\/en\/prepare-your-visit\/book-birthday\/","title":{"rendered":"Book you Birthday snack"},"content":{"rendered":"<p>[et_pb_section fb_built=&#8221;1&#8243; admin_label=&#8221;section&#8221; _builder_version=&#8221;4.16&#8243; custom_margin=&#8221;0px||0px||false|false&#8221; custom_padding=&#8221;0px||0px||false|false&#8221; global_colors_info=&#8221;{}&#8221;][et_pb_row _builder_version=&#8221;4.16&#8243; _module_preset=&#8221;default&#8221; background_image=&#8221;https:\/\/www.levillagedesfous.com\/wp-content\/uploads\/2022\/01\/bandeau-parc-attraction-Village-des-Fous.jpg&#8221; width=&#8221;100%&#8221; max_width=&#8221;none&#8221; module_alignment=&#8221;center&#8221; min_height=&#8221;640px&#8221; min_height_tablet=&#8221;270px&#8221; min_height_phone=&#8221;270px&#8221; min_height_last_edited=&#8221;on|tablet&#8221; custom_margin=&#8221;0px||35px||false|false&#8221; custom_margin_tablet=&#8221;25px||||false|false&#8221; custom_margin_phone=&#8221;25px||||false|false&#8221; custom_margin_last_edited=&#8221;on|tablet&#8221; box_shadow_style=&#8221;preset3&#8243; global_colors_info=&#8221;{}&#8221;][et_pb_column type=&#8221;4_4&#8243; _builder_version=&#8221;4.16&#8243; _module_preset=&#8221;default&#8221; global_colors_info=&#8221;{}&#8221;][\/et_pb_column][\/et_pb_row][et_pb_row admin_label=&#8221;row&#8221; _builder_version=&#8221;4.16&#8243; background_size=&#8221;initial&#8221; background_position=&#8221;top_left&#8221; background_repeat=&#8221;repeat&#8221; global_colors_info=&#8221;{}&#8221;][et_pb_column type=&#8221;4_4&#8243; _builder_version=&#8221;4.16&#8243; custom_padding=&#8221;|||&#8221; global_colors_info=&#8221;{}&#8221; custom_padding__hover=&#8221;|||&#8221;][et_pb_text _builder_version=&#8221;4.27.0&#8243; _module_preset=&#8221;default&#8221; header_font=&#8221;Luckiest Guy|||on|||||&#8221; header_text_align=&#8221;center&#8221; header_text_color=&#8221;#BD0926&#8243; header_letter_spacing=&#8221;1px&#8221; header_2_font=&#8221;Aleo|700|||||||&#8221; header_2_text_align=&#8221;center&#8221; header_2_text_color=&#8221;#9B5B27&#8243; header_3_font=&#8221;Aleo|600|||||||&#8221; header_3_text_align=&#8221;center&#8221; header_3_text_color=&#8221;#422C18&#8243; header_3_font_size=&#8221;21px&#8221; header_4_font=&#8221;Aleo||||||||&#8221; header_4_text_align=&#8221;center&#8221; header_4_text_color=&#8221;#9B5B27&#8243; header_4_font_size=&#8221;17px&#8221; header_4_line_height=&#8221;1.4em&#8221; header_5_font=&#8221;Aleo|700|||||||&#8221; header_5_text_align=&#8221;center&#8221; header_5_text_color=&#8221;#422C18&#8243; header_6_font=&#8221;Aleo||||||||&#8221; header_6_text_align=&#8221;center&#8221; header_6_text_color=&#8221;#9B5B27&#8243; hover_enabled=&#8221;0&#8243; global_colors_info=&#8221;{}&#8221; sticky_enabled=&#8221;0&#8243;]<\/p>\n<h1>r\u00e9servez votre go\u00fbter d&#8217;anniversaire<\/h1>\n<h2>Pour l\u2019anniversaire de vos enfants dans nos parcs,<br \/>relaxez vous, nous nous occupons de tout.<\/h2>\n<p style=\"text-align: center;\"><span style=\"color: #ff0000;\"><b>!!! ceci n\u2019est pas une r\u00e9servation pour les entr\u00e9es au parc mais uniquement pour le go\u00fbter. Merci de r\u00e9server au <a href=\"tel:+33492020606\">04.92.02.06.06<\/a> !!!<\/b><\/span><\/p>\n<p>[\/et_pb_text][et_pb_text admin_label=&#8221;Text&#8221; _builder_version=&#8221;4.16&#8243; background_size=&#8221;initial&#8221; background_position=&#8221;top_left&#8221; background_repeat=&#8221;repeat&#8221; text_orientation=&#8221;center&#8221; global_colors_info=&#8221;{}&#8221;]Avec la Formule go\u00fbter, choisissez entre nos g\u00e2teaux d\u2019anniversaire ou nos cr\u00eapes, <strong>(boissons comprises, le choix se fera directement sur place)<\/strong>.<br \/>\nR\u00e9servez en ligne et venez retirer votre box go\u00fbter d\u2019anniversaire au snack.<br \/>\nNous avons pensez \u00e0 tout : bougies, bonbons, nappe, couverts et les assiettes. Vous n\u2019aurez qu\u2019une seule chose \u00e0 vous pr\u00e9occuper : <strong>profiter de cette journ\u00e9e magique !<\/strong><\/p>\n<p><strong>A noter :<\/strong> <em><strong>les parts suppl\u00e9mentaires doivent \u00eatre identiques au g\u00e2teau principal choisi.<\/strong><br \/>\nSi la part suppl\u00e9mentaire est sur un autre g\u00e2teau, nous la remplacerons automatiquement. Merci de votre compr\u00e9hension.<\/em>[\/et_pb_text][et_pb_text _builder_version=&#8221;4.16&#8243; _module_preset=&#8221;default&#8221; header_font=&#8221;Luckiest Guy|||on|||||&#8221; header_text_align=&#8221;center&#8221; header_text_color=&#8221;#BD0926&#8243; header_letter_spacing=&#8221;1px&#8221; header_2_font=&#8221;Aleo|700|||||||&#8221; header_2_text_align=&#8221;center&#8221; header_2_text_color=&#8221;#9B5B27&#8243; header_3_font=&#8221;Aleo|600|||||||&#8221; header_3_text_align=&#8221;center&#8221; header_3_text_color=&#8221;#422C18&#8243; header_3_font_size=&#8221;21px&#8221; header_4_font=&#8221;Aleo||||||||&#8221; header_4_text_align=&#8221;center&#8221; header_4_text_color=&#8221;#9B5B27&#8243; header_4_font_size=&#8221;17px&#8221; header_4_line_height=&#8221;1.4em&#8221; header_5_font=&#8221;Aleo|700|||||||&#8221; header_5_text_align=&#8221;center&#8221; header_5_text_color=&#8221;#422C18&#8243; header_6_font=&#8221;Aleo||||||||&#8221; header_6_text_align=&#8221;center&#8221; header_6_text_color=&#8221;#9B5B27&#8243; global_colors_info=&#8221;{}&#8221;]<\/p>\n<h4>6 personnes minimum &#8211; R\u00e9servation au plus tard 48h \u00e0 l\u2019avance<\/h4>\n<p>[\/et_pb_text][et_pb_code _builder_version=&#8221;4.16&#8243; _module_preset=&#8221;default&#8221; custom_margin=&#8221;||0px||false|false&#8221; custom_padding=&#8221;||0px||false|false&#8221; global_colors_info=&#8221;{}&#8221;]<iframe style=\"background: none; width: 100%; height:660px\" title=\"Go\u00fbter anniversaire VDF | Module de R\u00e9servation 1\" src=\"https:\/\/leboisdeslutins.guidap.co\/export\/su65GoJQEeky91gznpwcWjUm4ZBLN7fvMSTr?lang=fr\" frameborder=\"0\" marginwidth=\"0\" marginheight=\"0\" scrolling=\"no\"> <\/iframe>[\/et_pb_code][\/et_pb_column][\/et_pb_row][et_pb_row _builder_version=&#8221;4.16&#8243; _module_preset=&#8221;default&#8221; width=&#8221;100%&#8221; max_width=&#8221;none&#8221; module_alignment=&#8221;center&#8221; custom_margin=&#8221;0px||0px||false|false&#8221; custom_padding=&#8221;0px||0px||false|false&#8221; global_colors_info=&#8221;{}&#8221;][et_pb_column type=&#8221;4_4&#8243; _builder_version=&#8221;4.16&#8243; _module_preset=&#8221;default&#8221; global_colors_info=&#8221;{}&#8221;][et_pb_image src=&#8221;https:\/\/www.levillagedesfous.com\/wp-content\/uploads\/2021\/12\/vdf-ciseaux-ce.jpg&#8221; alt=&#8221;Dessin d&#8217;une paire de ciseaux avec des yeux qui suivent des pointill\u00e9s&#8221; _builder_version=&#8221;4.16&#8243; _module_preset=&#8221;default&#8221; global_colors_info=&#8221;{}&#8221;][\/et_pb_image][\/et_pb_column][\/et_pb_row][et_pb_row _builder_version=&#8221;4.16&#8243; _dynamic_attributes=&#8221;link_option_url&#8221; _module_preset=&#8221;default&#8221; background_color=&#8221;#BD0926&#8243; width=&#8221;100%&#8221; max_width=&#8221;none&#8221; custom_margin=&#8221;0px||0px||false|false&#8221; custom_padding=&#8221;5px|15%|5px|15%|false|false&#8221; link_option_url=&#8221;@ET-DC@eyJkeW5hbWljIjp0cnVlLCJjb250ZW50IjoicG9zdF9saW5rX3VybF9wYWdlIiwic2V0dGluZ3MiOnsicG9zdF9pZCI6IjI0MzAifX0=@&#8221; global_colors_info=&#8221;{}&#8221;][et_pb_column type=&#8221;4_4&#8243; _builder_version=&#8221;4.16&#8243; _module_preset=&#8221;default&#8221; global_colors_info=&#8221;{}&#8221;][et_pb_text _builder_version=&#8221;4.16&#8243; _module_preset=&#8221;default&#8221; text_font=&#8221;|700|||||||&#8221; text_text_color=&#8221;#FFFFFF&#8221; text_font_size=&#8221;16px&#8221; text_line_height=&#8221;1.1em&#8221; header_text_color=&#8221;#FFFFFF&#8221; header_3_font=&#8221;|600|||||||&#8221; header_3_text_align=&#8221;center&#8221; header_3_text_color=&#8221;#FFFFFF&#8221; header_3_font_size=&#8221;24px&#8221; header_3_letter_spacing=&#8221;2px&#8221; text_orientation=&#8221;center&#8221; custom_margin=&#8221;||0px||false|false&#8221; custom_padding=&#8221;10px||15px||false|false&#8221; global_colors_info=&#8221;{}&#8221;]<\/p>\n<h3>To know everything<\/h3>\n<p>&gt;&gt;\u00a0on our promotions, our seasonal events and all the other news from our parks, subscribe to our newsletters\u00a0!\u00a0&lt;&lt;[\/et_pb_text][\/et_pb_column][\/et_pb_row][\/et_pb_section]<\/p>\n","protected":false},"excerpt":{"rendered":"<p>r\u00e9servez votre go\u00fbter d&#8217;anniversaire Pour l\u2019anniversaire de vos enfants dans nos parcs,relaxez vous, nous nous occupons de tout. !!! ceci n\u2019est pas une r\u00e9servation pour les entr\u00e9es au parc mais uniquement pour le go\u00fbter. Merci de r\u00e9server au 04.92.02.06.06 !!!Avec la Formule go\u00fbter, choisissez entre nos g\u00e2teaux d\u2019anniversaire ou nos cr\u00eapes, (boissons comprises, le choix [&hellip;]<\/p>\n","protected":false},"author":6,"featured_media":0,"parent":4220,"menu_order":0,"comment_status":"closed","ping_status":"closed","template":"","meta":{"_et_pb_use_builder":"on","_et_pb_old_content":"","_et_gb_content_width":"","footnotes":""},"class_list":["post-2386","page","type-page","status-publish","hentry"],"yoast_head":"<!-- This site is optimized with the Yoast SEO plugin v27.3 - https:\/\/yoast.com\/product\/yoast-seo-wordpress\/ -->\n<title>Un Anniversaire \u00e0 F\u00eater ? Notre Parc de Loisirs \u00e0 Tout Pr\u00e9vu, Venez vite !<\/title>\n<meta name=\"description\" content=\"Le Village des Fous adore accueillir des anniversaires dans la joie et la bonne humeur. D\u00e9couvrez ce que nous vous r\u00e9servons dans le parc !\" \/>\n<meta name=\"robots\" content=\"index, follow, max-snippet:-1, max-image-preview:large, max-video-preview:-1\" \/>\n<link rel=\"canonical\" href=\"https:\/\/www.levillagedesfous.com\/en\/prepare-your-visit\/book-birthday\/\" \/>\n<meta property=\"og:locale\" content=\"en_US\" \/>\n<meta property=\"og:type\" content=\"article\" \/>\n<meta property=\"og:title\" content=\"Un Anniversaire \u00e0 F\u00eater ? Notre Parc de Loisirs \u00e0 Tout Pr\u00e9vu, Venez vite !\" \/>\n<meta property=\"og:description\" content=\"Le Village des Fous adore accueillir des anniversaires dans la joie et la bonne humeur. D\u00e9couvrez ce que nous vous r\u00e9servons dans le parc !\" \/>\n<meta property=\"og:url\" content=\"https:\/\/www.levillagedesfous.com\/en\/prepare-your-visit\/book-birthday\/\" \/>\n<meta property=\"og:site_name\" content=\"Le Village des Fous\" \/>\n<meta property=\"article:modified_time\" content=\"2024-09-11T14:19:02+00:00\" \/>\n<meta name=\"twitter:card\" content=\"summary_large_image\" \/>\n<meta name=\"twitter:label1\" content=\"Est. reading time\" \/>\n\t<meta name=\"twitter:data1\" content=\"2 minutes\" \/>\n<script type=\"application\/ld+json\" class=\"yoast-schema-graph\">{\"@context\":\"https:\\\/\\\/schema.org\",\"@graph\":[{\"@type\":\"WebPage\",\"@id\":\"https:\\\/\\\/www.levillagedesfous.com\\\/en\\\/prepare-your-visit\\\/book-birthday\\\/\",\"url\":\"https:\\\/\\\/www.levillagedesfous.com\\\/en\\\/prepare-your-visit\\\/book-birthday\\\/\",\"name\":\"Un Anniversaire \u00e0 F\u00eater ? Notre Parc de Loisirs \u00e0 Tout Pr\u00e9vu, Venez vite !\",\"isPartOf\":{\"@id\":\"https:\\\/\\\/www.levillagedesfous.com\\\/en\\\/#website\"},\"datePublished\":\"2022-02-25T13:58:18+00:00\",\"dateModified\":\"2024-09-11T14:19:02+00:00\",\"description\":\"Le Village des Fous adore accueillir des anniversaires dans la joie et la bonne humeur. D\u00e9couvrez ce que nous vous r\u00e9servons dans le parc !\",\"breadcrumb\":{\"@id\":\"https:\\\/\\\/www.levillagedesfous.com\\\/en\\\/prepare-your-visit\\\/book-birthday\\\/#breadcrumb\"},\"inLanguage\":\"en-US\",\"potentialAction\":[{\"@type\":\"ReadAction\",\"target\":[\"https:\\\/\\\/www.levillagedesfous.com\\\/en\\\/prepare-your-visit\\\/book-birthday\\\/\"]}]},{\"@type\":\"BreadcrumbList\",\"@id\":\"https:\\\/\\\/www.levillagedesfous.com\\\/en\\\/prepare-your-visit\\\/book-birthday\\\/#breadcrumb\",\"itemListElement\":[{\"@type\":\"ListItem\",\"position\":1,\"name\":\"Accueil\",\"item\":\"https:\\\/\\\/www.levillagedesfous.com\\\/en\\\/\"},{\"@type\":\"ListItem\",\"position\":2,\"name\":\"Prepare your visit\",\"item\":\"https:\\\/\\\/www.levillagedesfous.com\\\/en\\\/prepare-your-visit\\\/\"},{\"@type\":\"ListItem\",\"position\":3,\"name\":\"Book you Birthday snack\"}]},{\"@type\":\"WebSite\",\"@id\":\"https:\\\/\\\/www.levillagedesfous.com\\\/en\\\/#website\",\"url\":\"https:\\\/\\\/www.levillagedesfous.com\\\/en\\\/\",\"name\":\"Le Village des Fous\",\"description\":\"Venez vivre des sensations...\",\"potentialAction\":[{\"@type\":\"SearchAction\",\"target\":{\"@type\":\"EntryPoint\",\"urlTemplate\":\"https:\\\/\\\/www.levillagedesfous.com\\\/en\\\/?s={search_term_string}\"},\"query-input\":{\"@type\":\"PropertyValueSpecification\",\"valueRequired\":true,\"valueName\":\"search_term_string\"}}],\"inLanguage\":\"en-US\"}]}<\/script>\n<!-- \/ Yoast SEO plugin. -->","yoast_head_json":{"title":"Un Anniversaire \u00e0 F\u00eater ? Notre Parc de Loisirs \u00e0 Tout Pr\u00e9vu, Venez vite !","description":"Le Village des Fous adore accueillir des anniversaires dans la joie et la bonne humeur. D\u00e9couvrez ce que nous vous r\u00e9servons dans le parc !","robots":{"index":"index","follow":"follow","max-snippet":"max-snippet:-1","max-image-preview":"max-image-preview:large","max-video-preview":"max-video-preview:-1"},"canonical":"https:\/\/www.levillagedesfous.com\/en\/prepare-your-visit\/book-birthday\/","og_locale":"en_US","og_type":"article","og_title":"Un Anniversaire \u00e0 F\u00eater ? Notre Parc de Loisirs \u00e0 Tout Pr\u00e9vu, Venez vite !","og_description":"Le Village des Fous adore accueillir des anniversaires dans la joie et la bonne humeur. D\u00e9couvrez ce que nous vous r\u00e9servons dans le parc !","og_url":"https:\/\/www.levillagedesfous.com\/en\/prepare-your-visit\/book-birthday\/","og_site_name":"Le Village des Fous","article_modified_time":"2024-09-11T14:19:02+00:00","twitter_card":"summary_large_image","twitter_misc":{"Est. reading time":"2 minutes"},"schema":{"@context":"https:\/\/schema.org","@graph":[{"@type":"WebPage","@id":"https:\/\/www.levillagedesfous.com\/en\/prepare-your-visit\/book-birthday\/","url":"https:\/\/www.levillagedesfous.com\/en\/prepare-your-visit\/book-birthday\/","name":"Un Anniversaire \u00e0 F\u00eater ? Notre Parc de Loisirs \u00e0 Tout Pr\u00e9vu, Venez vite !","isPartOf":{"@id":"https:\/\/www.levillagedesfous.com\/en\/#website"},"datePublished":"2022-02-25T13:58:18+00:00","dateModified":"2024-09-11T14:19:02+00:00","description":"Le Village des Fous adore accueillir des anniversaires dans la joie et la bonne humeur. D\u00e9couvrez ce que nous vous r\u00e9servons dans le parc !","breadcrumb":{"@id":"https:\/\/www.levillagedesfous.com\/en\/prepare-your-visit\/book-birthday\/#breadcrumb"},"inLanguage":"en-US","potentialAction":[{"@type":"ReadAction","target":["https:\/\/www.levillagedesfous.com\/en\/prepare-your-visit\/book-birthday\/"]}]},{"@type":"BreadcrumbList","@id":"https:\/\/www.levillagedesfous.com\/en\/prepare-your-visit\/book-birthday\/#breadcrumb","itemListElement":[{"@type":"ListItem","position":1,"name":"Accueil","item":"https:\/\/www.levillagedesfous.com\/en\/"},{"@type":"ListItem","position":2,"name":"Prepare your visit","item":"https:\/\/www.levillagedesfous.com\/en\/prepare-your-visit\/"},{"@type":"ListItem","position":3,"name":"Book you Birthday snack"}]},{"@type":"WebSite","@id":"https:\/\/www.levillagedesfous.com\/en\/#website","url":"https:\/\/www.levillagedesfous.com\/en\/","name":"Le Village des Fous","description":"Venez vivre des sensations...","potentialAction":[{"@type":"SearchAction","target":{"@type":"EntryPoint","urlTemplate":"https:\/\/www.levillagedesfous.com\/en\/?s={search_term_string}"},"query-input":{"@type":"PropertyValueSpecification","valueRequired":true,"valueName":"search_term_string"}}],"inLanguage":"en-US"}]}},"_links":{"self":[{"href":"https:\/\/www.levillagedesfous.com\/en\/wp-json\/wp\/v2\/pages\/2386","targetHints":{"allow":["GET"]}}],"collection":[{"href":"https:\/\/www.levillagedesfous.com\/en\/wp-json\/wp\/v2\/pages"}],"about":[{"href":"https:\/\/www.levillagedesfous.com\/en\/wp-json\/wp\/v2\/types\/page"}],"author":[{"embeddable":true,"href":"https:\/\/www.levillagedesfous.com\/en\/wp-json\/wp\/v2\/users\/6"}],"replies":[{"embeddable":true,"href":"https:\/\/www.levillagedesfous.com\/en\/wp-json\/wp\/v2\/comments?post=2386"}],"version-history":[{"count":0,"href":"https:\/\/www.levillagedesfous.com\/en\/wp-json\/wp\/v2\/pages\/2386\/revisions"}],"up":[{"embeddable":true,"href":"https:\/\/www.levillagedesfous.com\/en\/wp-json\/wp\/v2\/pages\/4220"}],"wp:attachment":[{"href":"https:\/\/www.levillagedesfous.com\/en\/wp-json\/wp\/v2\/media?parent=2386"}],"curies":[{"name":"wp","href":"https:\/\/api.w.org\/{rel}","templated":true}]}}