{"id":1946,"date":"2022-02-28T15:35:19","date_gmt":"2022-02-28T14:35:19","guid":{"rendered":"https:\/\/www.levillagedesfous.com\/?page_id=1946"},"modified":"2022-02-28T15:43:39","modified_gmt":"2022-02-28T14:43:39","slug":"kids-forest","status":"publish","type":"page","link":"https:\/\/www.levillagedesfous.com\/en\/our-other-parks\/kids-forest\/","title":{"rendered":"Pitchoun Forest"},"content":{"rendered":"<p>[et_pb_section fb_built=&#8221;1&#8243; admin_label=&#8221;section&#8221; _builder_version=&#8221;4.14.7&#8243; module_alignment=&#8221;center&#8221; custom_margin=&#8221;0px||0px||false|false&#8221; custom_margin_tablet=&#8221;25px||||false|false&#8221; custom_margin_phone=&#8221;25px||||false|false&#8221; custom_margin_last_edited=&#8221;on|tablet&#8221; custom_padding=&#8221;0px||0px||false|false&#8221; global_colors_info=&#8221;{}&#8221; theme_builder_area=&#8221;post_content&#8221;][et_pb_row _builder_version=&#8221;4.14.2&#8243; _module_preset=&#8221;default&#8221; width=&#8221;100%&#8221; max_width=&#8221;none&#8221; module_alignment=&#8221;center&#8221; custom_margin=&#8221;0px||0px||false|false&#8221; custom_padding=&#8221;0px||0px||false|false&#8221; global_colors_info=&#8221;{}&#8221; theme_builder_area=&#8221;post_content&#8221;][et_pb_column type=&#8221;4_4&#8243; _builder_version=&#8221;4.14.2&#8243; _module_preset=&#8221;default&#8221; global_colors_info=&#8221;{}&#8221; theme_builder_area=&#8221;post_content&#8221;][et_pb_image src=&#8221;https:\/\/www.levillagedesfous.com\/wp-content\/uploads\/2020\/03\/bandeau-parcours-enfant-2.jpg&#8221; alt=&#8221;Pitchoun Forest &#8211; Atelier cylindre du parcours Pitchoun forest&#8221; _builder_version=&#8221;4.14.2&#8243; _module_preset=&#8221;default&#8221; module_alignment=&#8221;center&#8221; custom_margin=&#8221;0px||||false|false&#8221; custom_padding=&#8221;0px||||false|false&#8221; global_colors_info=&#8221;{}&#8221; theme_builder_area=&#8221;post_content&#8221;][\/et_pb_image][et_pb_image src=&#8221;https:\/\/www.levillagedesfous.com\/wp-content\/uploads\/2020\/03\/logo-pitchoun-forest-2008-mascotte.png&#8221; alt=&#8221;logo Pitchoun Forest Parcours aventure pour les petits&#8221; url=&#8221;http:\/\/www.pitchounforest.com\/&#8221; url_new_window=&#8221;on&#8221; align=&#8221;center&#8221; _builder_version=&#8221;4.14.2&#8243; _module_preset=&#8221;default&#8221; width=&#8221;20%&#8221; width_tablet=&#8221;45%&#8221; width_phone=&#8221;55%&#8221; width_last_edited=&#8221;on|phone&#8221; module_alignment=&#8221;center&#8221; custom_margin=&#8221;-175px||||false|false&#8221; custom_margin_tablet=&#8221;-94px||||false|false&#8221; custom_margin_phone=&#8221;-78px||0px||false|false&#8221; custom_margin_last_edited=&#8221;on|tablet&#8221; custom_padding=&#8221;||0px||false|false&#8221; global_colors_info=&#8221;{}&#8221; theme_builder_area=&#8221;post_content&#8221;][\/et_pb_image][\/et_pb_column][\/et_pb_row][et_pb_row admin_label=&#8221;row&#8221; _builder_version=&#8221;3.25&#8243; background_size=&#8221;initial&#8221; background_position=&#8221;top_left&#8221; background_repeat=&#8221;repeat&#8221; global_colors_info=&#8221;{}&#8221; theme_builder_area=&#8221;post_content&#8221;][et_pb_column type=&#8221;4_4&#8243; _builder_version=&#8221;3.25&#8243; custom_padding=&#8221;|||&#8221; global_colors_info=&#8221;{}&#8221; custom_padding__hover=&#8221;|||&#8221; theme_builder_area=&#8221;post_content&#8221;][et_pb_text _builder_version=&#8221;4.14.7&#8243; _module_preset=&#8221;default&#8221; header_font=&#8221;Luckiest Guy||||||||&#8221; header_text_align=&#8221;center&#8221; header_text_color=&#8221;#BD0926&#8243; header_letter_spacing=&#8221;1px&#8221; header_2_font=&#8221;Aleo|700|||||||&#8221; header_2_text_align=&#8221;center&#8221; header_2_text_color=&#8221;#9B5B27&#8243; header_3_font=&#8221;Aleo|600|||||||&#8221; header_3_text_align=&#8221;center&#8221; header_3_text_color=&#8221;#422C18&#8243; header_3_font_size=&#8221;21px&#8221; header_4_font=&#8221;Aleo||||||||&#8221; header_4_text_align=&#8221;center&#8221; header_4_text_color=&#8221;#9B5B27&#8243; header_4_font_size=&#8221;17px&#8221; header_4_line_height=&#8221;1.4em&#8221; header_5_font=&#8221;Aleo|700|||||||&#8221; header_5_text_align=&#8221;center&#8221; header_5_text_color=&#8221;#422C18&#8243; header_6_font=&#8221;Aleo||||||||&#8221; header_6_text_align=&#8221;center&#8221; header_6_text_color=&#8221;#9B5B27&#8243; text_orientation=&#8221;center&#8221; link_option_url=&#8221;http:\/\/www.pitchounforest.com\/&#8221; link_option_url_new_window=&#8221;on&#8221; global_colors_info=&#8221;{}&#8221; theme_builder_area=&#8221;post_content&#8221;]<\/p>\n<h1>Pitchoun Forest<\/h1>\n<h2>le parcours aventure<\/h2>\n<p><b>Pitchoun Forest <\/b>est un parcours aventure pour les enfants \u00e0 partir d&#8217;1 m\u00e8tre (environ 3 ans) et les adultes qui souhaitent les accompagner.<br \/>Des jeux ludo-\u00e9ducatifs sont \u00e9galement pr\u00e9sents au sol pour prolonger l\u2019amusement.<\/p>\n<p>[\/et_pb_text][\/et_pb_column][\/et_pb_row][et_pb_row column_structure=&#8221;1_3,1_3,1_3&#8243; _builder_version=&#8221;4.14.2&#8243; _module_preset=&#8221;default&#8221; width_tablet=&#8221;40%&#8221; width_phone=&#8221;75%&#8221; width_last_edited=&#8221;on|tablet&#8221; custom_margin=&#8221;0px||0px||false|false&#8221; custom_padding=&#8221;0px||0px||false|false&#8221; global_colors_info=&#8221;{}&#8221; theme_builder_area=&#8221;post_content&#8221;][et_pb_column type=&#8221;1_3&#8243; _builder_version=&#8221;4.14.2&#8243; _module_preset=&#8221;default&#8221; global_colors_info=&#8221;{}&#8221; theme_builder_area=&#8221;post_content&#8221;][et_pb_image src=&#8221;https:\/\/www.levillagedesfous.com\/wp-content\/uploads\/2020\/03\/jeux-au-sol-parcours-aventure.jpg&#8221; alt=&#8221;Pitchoun Forest &#8211; Jeux au sol apr\u00e8s parcours&#8221; _builder_version=&#8221;4.14.2&#8243; _module_preset=&#8221;default&#8221; global_colors_info=&#8221;{}&#8221; theme_builder_area=&#8221;post_content&#8221;][\/et_pb_image][\/et_pb_column][et_pb_column type=&#8221;1_3&#8243; _builder_version=&#8221;4.14.2&#8243; _module_preset=&#8221;default&#8221; global_colors_info=&#8221;{}&#8221; theme_builder_area=&#8221;post_content&#8221;][et_pb_image src=&#8221;https:\/\/www.levillagedesfous.com\/wp-content\/uploads\/2020\/03\/tyrolienne-parcours-aventure-nice.jpg&#8221; alt=&#8221;Pitchoun Forest &#8211; Tyrolienne du parcours aventure Pitchoun Forest&#8221; _builder_version=&#8221;4.14.2&#8243; _module_preset=&#8221;default&#8221; global_colors_info=&#8221;{}&#8221; theme_builder_area=&#8221;post_content&#8221;][\/et_pb_image][\/et_pb_column][et_pb_column type=&#8221;1_3&#8243; _builder_version=&#8221;4.14.2&#8243; _module_preset=&#8221;default&#8221; global_colors_info=&#8221;{}&#8221; theme_builder_area=&#8221;post_content&#8221;][et_pb_image src=&#8221;https:\/\/www.levillagedesfous.com\/wp-content\/uploads\/2020\/03\/Pitchoun-Forest-question-vie-animaux.jpg&#8221; alt=&#8221;Pitchoun Forest &#8211; Questionnaire pitchoun Forest&#8221; _builder_version=&#8221;4.14.2&#8243; _module_preset=&#8221;default&#8221; global_colors_info=&#8221;{}&#8221; theme_builder_area=&#8221;post_content&#8221;][\/et_pb_image][\/et_pb_column][\/et_pb_row][et_pb_row admin_label=&#8221;row&#8221; _builder_version=&#8221;4.14.2&#8243; background_size=&#8221;initial&#8221; background_position=&#8221;top_left&#8221; background_repeat=&#8221;repeat&#8221; custom_margin=&#8221;||0px||false|false&#8221; custom_padding=&#8221;||0px||false|false&#8221; global_colors_info=&#8221;{}&#8221; theme_builder_area=&#8221;post_content&#8221;][et_pb_column type=&#8221;4_4&#8243; _builder_version=&#8221;3.25&#8243; custom_padding=&#8221;|||&#8221; global_colors_info=&#8221;{}&#8221; custom_padding__hover=&#8221;|||&#8221; theme_builder_area=&#8221;post_content&#8221;][et_pb_text _builder_version=&#8221;4.14.2&#8243; _module_preset=&#8221;default&#8221; header_font=&#8221;Luckiest Guy||||||||&#8221; header_text_align=&#8221;center&#8221; header_text_color=&#8221;#BD0926&#8243; header_letter_spacing=&#8221;1px&#8221; header_2_font=&#8221;Aleo|700||||on|||&#8221; header_2_text_align=&#8221;center&#8221; header_2_text_color=&#8221;#9B5B27&#8243; header_3_font=&#8221;Aleo|600|||||||&#8221; header_3_text_align=&#8221;center&#8221; header_3_text_color=&#8221;#422C18&#8243; header_3_font_size=&#8221;21px&#8221; header_4_font=&#8221;Aleo||||||||&#8221; header_4_text_align=&#8221;center&#8221; header_4_text_color=&#8221;#9B5B27&#8243; header_4_font_size=&#8221;17px&#8221; header_4_line_height=&#8221;1.4em&#8221; header_5_font=&#8221;Aleo|700|||||||&#8221; header_5_text_align=&#8221;center&#8221; header_5_text_color=&#8221;#422C18&#8243; header_6_font=&#8221;Aleo||||||||&#8221; header_6_text_align=&#8221;center&#8221; header_6_text_color=&#8221;#9B5B27&#8243; text_orientation=&#8221;center&#8221; global_colors_info=&#8221;{}&#8221; theme_builder_area=&#8221;post_content&#8221;]Nos parcours sont dot\u00e9s d\u2019une ligne de vie automatique saferoller\u00ae<br \/>\nce qui \u00e9vite de fastidieuses manipulations de mousquetons. Le participant peut \u00e9voluer en hauteur en toute s\u00e9r\u00e9nit\u00e9.<br \/>\nL\u2019esprit de l&#8217;enfant (ainsi que celui des parents) est ainsi d\u00e9gag\u00e9 de tout souci de s\u00e9curit\u00e9.<\/p>\n<p>A leur arriv\u00e9e, les participants sont pris en charge par des monitrices et moniteurs dipl\u00f4m\u00e9s. Apr\u00e8s avoir \u00e9t\u00e9 \u00e9quip\u00e9s du mat\u00e9riel n\u00e9cessaire \u00e0 l\u2019activit\u00e9, chaque personne b\u00e9n\u00e9ficie d\u2019une initiation avec une mise en pratique sur un mini parcours pr\u00e9vu \u00e0 cet effet.[\/et_pb_text][et_pb_text _builder_version=&#8221;4.14.2&#8243; _module_preset=&#8221;default&#8221; header_font=&#8221;Luckiest Guy||||||||&#8221; header_text_align=&#8221;center&#8221; header_text_color=&#8221;#BD0926&#8243; header_letter_spacing=&#8221;1px&#8221; header_2_font=&#8221;Aleo|700||||on|||&#8221; header_2_text_align=&#8221;center&#8221; header_2_text_color=&#8221;#9B5B27&#8243; header_3_font=&#8221;Aleo|600|||||||&#8221; header_3_text_align=&#8221;center&#8221; header_3_text_color=&#8221;#422C18&#8243; header_3_font_size=&#8221;21px&#8221; header_4_font=&#8221;Aleo||||||||&#8221; header_4_text_align=&#8221;center&#8221; header_4_text_color=&#8221;#9B5B27&#8243; header_4_font_size=&#8221;17px&#8221; header_4_line_height=&#8221;1.4em&#8221; header_5_font=&#8221;Aleo|700|||||||&#8221; header_5_text_align=&#8221;center&#8221; header_5_text_color=&#8221;#422C18&#8243; header_6_font=&#8221;Aleo||||||||&#8221; header_6_text_align=&#8221;center&#8221; header_6_text_color=&#8221;#9B5B27&#8243; text_orientation=&#8221;center&#8221; global_colors_info=&#8221;{}&#8221; theme_builder_area=&#8221;post_content&#8221;]<\/p>\n<h3>Tarifs Pitchoun Forest<br \/>\nsaison 2020<\/h3>\n<p>Le ticket donne acc\u00e8s \u00e0 5 parcours de difficult\u00e9 croissante.[\/et_pb_text][\/et_pb_column][\/et_pb_row][et_pb_row column_structure=&#8221;1_2,1_2&#8243; _builder_version=&#8221;4.14.7&#8243; _module_preset=&#8221;default&#8221; width=&#8221;25%&#8221; width_tablet=&#8221;100%&#8221; width_phone=&#8221;100%&#8221; width_last_edited=&#8221;on|phone&#8221; module_alignment=&#8221;center&#8221; custom_margin=&#8221;0px||||false|false&#8221; custom_padding=&#8221;||||false|false&#8221; global_colors_info=&#8221;{}&#8221; theme_builder_area=&#8221;post_content&#8221;][et_pb_column type=&#8221;1_2&#8243; _builder_version=&#8221;4.14.2&#8243; _module_preset=&#8221;default&#8221; global_colors_info=&#8221;{}&#8221; theme_builder_area=&#8221;post_content&#8221;][et_pb_text _builder_version=&#8221;4.14.2&#8243; _module_preset=&#8221;default&#8221; header_font=&#8221;Luckiest Guy||||||||&#8221; header_text_align=&#8221;center&#8221; header_text_color=&#8221;#BD0926&#8243; header_letter_spacing=&#8221;1px&#8221; header_2_font=&#8221;Aleo|700||||on|||&#8221; header_2_text_align=&#8221;center&#8221; header_2_text_color=&#8221;#9B5B27&#8243; header_3_font=&#8221;Aleo|600|||||||&#8221; header_3_text_align=&#8221;center&#8221; header_3_text_color=&#8221;#422C18&#8243; header_3_font_size=&#8221;21px&#8221; header_4_font=&#8221;Aleo||||||||&#8221; header_4_text_align=&#8221;center&#8221; header_4_text_color=&#8221;#9B5B27&#8243; header_4_font_size=&#8221;17px&#8221; header_4_line_height=&#8221;1.4em&#8221; header_5_font=&#8221;Aleo|700|||||||&#8221; header_5_text_align=&#8221;center&#8221; header_5_text_color=&#8221;#422C18&#8243; header_6_font=&#8221;Aleo||||||||&#8221; header_6_text_align=&#8221;center&#8221; header_6_text_color=&#8221;#9B5B27&#8243; text_orientation=&#8221;center&#8221; global_colors_info=&#8221;{}&#8221; theme_builder_area=&#8221;post_content&#8221;]<\/p>\n<h4>Individuel<\/h4>\n<h5>enfant ou adulte<\/h5>\n<p>16\u20ac[\/et_pb_text][\/et_pb_column][et_pb_column type=&#8221;1_2&#8243; _builder_version=&#8221;4.14.2&#8243; _module_preset=&#8221;default&#8221; global_colors_info=&#8221;{}&#8221; theme_builder_area=&#8221;post_content&#8221;][et_pb_text _builder_version=&#8221;4.14.2&#8243; _module_preset=&#8221;default&#8221; header_font=&#8221;Luckiest Guy||||||||&#8221; header_text_align=&#8221;center&#8221; header_text_color=&#8221;#BD0926&#8243; header_letter_spacing=&#8221;1px&#8221; header_2_font=&#8221;Aleo|700||||on|||&#8221; header_2_text_align=&#8221;center&#8221; header_2_text_color=&#8221;#9B5B27&#8243; header_3_font=&#8221;Aleo|600|||||||&#8221; header_3_text_align=&#8221;center&#8221; header_3_text_color=&#8221;#422C18&#8243; header_3_font_size=&#8221;21px&#8221; header_4_font=&#8221;Aleo||||||||&#8221; header_4_text_align=&#8221;center&#8221; header_4_text_color=&#8221;#9B5B27&#8243; header_4_font_size=&#8221;17px&#8221; header_4_line_height=&#8221;1.4em&#8221; header_5_font=&#8221;Aleo|700|||||||&#8221; header_5_text_align=&#8221;center&#8221; header_5_text_color=&#8221;#422C18&#8243; header_6_font=&#8221;Aleo||||||||&#8221; header_6_text_align=&#8221;center&#8221; header_6_text_color=&#8221;#9B5B27&#8243; text_orientation=&#8221;center&#8221; global_colors_info=&#8221;{}&#8221; theme_builder_area=&#8221;post_content&#8221;]<\/p>\n<h4>5 pers. et +<\/h4>\n<h5>enfant ou adulte<\/h5>\n<p>14,50\u20ac[\/et_pb_text][\/et_pb_column][\/et_pb_row][et_pb_row _builder_version=&#8221;4.14.2&#8243; _module_preset=&#8221;default&#8221; background_color=&#8221;#FFC80B&#8221; width=&#8221;100%&#8221; max_width=&#8221;none&#8221; module_alignment=&#8221;center&#8221; custom_margin=&#8221;0px||0px||false|false&#8221; custom_padding=&#8221;0px||0px||false|false&#8221; global_colors_info=&#8221;{}&#8221; theme_builder_area=&#8221;post_content&#8221;][et_pb_column type=&#8221;4_4&#8243; _builder_version=&#8221;4.14.2&#8243; _module_preset=&#8221;default&#8221; global_colors_info=&#8221;{}&#8221; theme_builder_area=&#8221;post_content&#8221;][et_pb_text _builder_version=&#8221;4.14.7&#8243; _module_preset=&#8221;default&#8221; text_text_color=&#8221;#422C18&#8243; background_color=&#8221;#FFC80B&#8221; text_orientation=&#8221;center&#8221; width=&#8221;100%&#8221; module_alignment=&#8221;center&#8221; custom_margin=&#8221;0px||0px||false|false&#8221; custom_padding=&#8221;10px||10px||false|false&#8221; global_colors_info=&#8221;{}&#8221; theme_builder_area=&#8221;post_content&#8221;]Pour pouvoir faire l\u2019activit\u00e9, la r\u00e9servation est fortement conseill\u00e9e au 04 92 02 06 06<br \/>\nou sur notre site Internet <a href=\"http:\/\/www.pitchounforest.com\/PF-HorairesetTarifs.html\" target=\"_blank\" rel=\"noopener\">>> Pitchoun Forest <<<\/a> (r\u00e9servation et achat en ligne).[\/et_pb_text][\/et_pb_column][\/et_pb_row][et_pb_row _builder_version=&#8221;4.14.2&#8243; _module_preset=&#8221;default&#8221; global_colors_info=&#8221;{}&#8221; theme_builder_area=&#8221;post_content&#8221;][et_pb_column type=&#8221;4_4&#8243; _builder_version=&#8221;4.14.2&#8243; _module_preset=&#8221;default&#8221; global_colors_info=&#8221;{}&#8221; theme_builder_area=&#8221;post_content&#8221;][et_pb_text _builder_version=&#8221;4.14.2&#8243; _module_preset=&#8221;default&#8221; header_font=&#8221;Luckiest Guy||||||||&#8221; header_text_align=&#8221;center&#8221; header_text_color=&#8221;#BD0926&#8243; header_letter_spacing=&#8221;1px&#8221; header_2_font=&#8221;Aleo|700||||on|||&#8221; header_2_text_align=&#8221;center&#8221; header_2_text_color=&#8221;#9B5B27&#8243; header_3_font=&#8221;Aleo|600|||||||&#8221; header_3_text_align=&#8221;center&#8221; header_3_text_color=&#8221;#422C18&#8243; header_3_font_size=&#8221;21px&#8221; header_4_font=&#8221;Aleo||||||||&#8221; header_4_text_align=&#8221;center&#8221; header_4_text_color=&#8221;#9B5B27&#8243; header_4_font_size=&#8221;17px&#8221; header_4_line_height=&#8221;1.4em&#8221; header_5_font=&#8221;Aleo|700|||||||&#8221; header_5_text_align=&#8221;center&#8221; header_5_text_color=&#8221;#422C18&#8243; header_6_font=&#8221;Aleo||||||||&#8221; header_6_text_align=&#8221;center&#8221; header_6_text_color=&#8221;#9B5B27&#8243; text_orientation=&#8221;center&#8221; global_colors_info=&#8221;{}&#8221; theme_builder_area=&#8221;post_content&#8221;]Adresse : 2559, RD2085 &#8211; 06270 Villeneuve-Loubet<br \/>\n(m\u00eame parking que le Village des Fous)<br \/>\nContact : 04.92.02.06.06[\/et_pb_text][\/et_pb_column][\/et_pb_row][et_pb_row _builder_version=&#8221;4.14.8&#8243; _dynamic_attributes=&#8221;link_option_url&#8221; _module_preset=&#8221;default&#8221; background_color=&#8221;#BD0926&#8243; width=&#8221;100%&#8221; max_width=&#8221;none&#8221; custom_margin=&#8221;0px||0px||false|false&#8221; custom_padding=&#8221;5px|15%|5px|15%|false|false&#8221; link_option_url=&#8221;@ET-DC@eyJkeW5hbWljIjp0cnVlLCJjb250ZW50IjoicG9zdF9saW5rX3VybF9wYWdlIiwic2V0dGluZ3MiOnsicG9zdF9pZCI6IjI0MzAifX0=@&#8221; global_colors_info=&#8221;{}&#8221; theme_builder_area=&#8221;post_content&#8221;][et_pb_column type=&#8221;4_4&#8243; _builder_version=&#8221;4.14.7&#8243; _module_preset=&#8221;default&#8221; global_colors_info=&#8221;{}&#8221; theme_builder_area=&#8221;post_content&#8221;][et_pb_text _builder_version=&#8221;4.14.8&#8243; _module_preset=&#8221;default&#8221; text_font=&#8221;|700|||||||&#8221; text_text_color=&#8221;#FFFFFF&#8221; text_font_size=&#8221;16px&#8221; text_line_height=&#8221;1.1em&#8221; header_text_color=&#8221;#FFFFFF&#8221; header_3_font=&#8221;|600|||||||&#8221; header_3_text_align=&#8221;center&#8221; header_3_text_color=&#8221;#FFFFFF&#8221; header_3_font_size=&#8221;24px&#8221; header_3_letter_spacing=&#8221;2px&#8221; text_orientation=&#8221;center&#8221; custom_margin=&#8221;||0px||false|false&#8221; custom_padding=&#8221;10px||15px||false|false&#8221; global_colors_info=&#8221;{}&#8221; theme_builder_area=&#8221;post_content&#8221;]<\/p>\n<h3>To know everything<\/h3>\n<p>&gt;&gt;\u00a0on our promotions, our seasonal events and all the other news from our parks, subscribe to our newsletters\u00a0!\u00a0&lt;&lt;[\/et_pb_text][\/et_pb_column][\/et_pb_row][\/et_pb_section]<\/p>\n","protected":false},"excerpt":{"rendered":"<p>Pitchoun Forest le parcours aventure Pitchoun Forest est un parcours aventure pour les enfants \u00e0 partir d&#8217;1 m\u00e8tre (environ 3 ans) et les adultes qui souhaitent les accompagner.Des jeux ludo-\u00e9ducatifs sont \u00e9galement pr\u00e9sents au sol pour prolonger l\u2019amusement.Nos parcours sont dot\u00e9s d\u2019une ligne de vie automatique saferoller\u00ae ce qui \u00e9vite de fastidieuses manipulations de mousquetons. [&hellip;]<\/p>\n","protected":false},"author":6,"featured_media":0,"parent":1867,"menu_order":0,"comment_status":"closed","ping_status":"closed","template":"","meta":{"_et_pb_use_builder":"on","_et_pb_old_content":"","_et_gb_content_width":"","footnotes":""},"class_list":["post-1946","page","type-page","status-publish","hentry"],"yoast_head":"<!-- This site is optimized with the Yoast SEO plugin v27.3 - https:\/\/yoast.com\/product\/yoast-seo-wordpress\/ -->\n<title>Pitchoun Forest - Le Village des Fous<\/title>\n<meta name=\"robots\" content=\"index, follow, max-snippet:-1, max-image-preview:large, max-video-preview:-1\" \/>\n<link rel=\"canonical\" href=\"https:\/\/www.levillagedesfous.com\/en\/our-other-parks\/kids-forest\/\" \/>\n<meta property=\"og:locale\" content=\"en_US\" \/>\n<meta property=\"og:type\" content=\"article\" \/>\n<meta property=\"og:title\" content=\"Pitchoun Forest - Le Village des Fous\" \/>\n<meta property=\"og:description\" content=\"Pitchoun Forest le parcours aventure Pitchoun Forest est un parcours aventure pour les enfants \u00e0 partir d&#039;1 m\u00e8tre (environ 3 ans) et les adultes qui souhaitent les accompagner.Des jeux ludo-\u00e9ducatifs sont \u00e9galement pr\u00e9sents au sol pour prolonger l\u2019amusement.Nos parcours sont dot\u00e9s d\u2019une ligne de vie automatique saferoller\u00ae ce qui \u00e9vite de fastidieuses manipulations de mousquetons. [&hellip;]\" \/>\n<meta property=\"og:url\" content=\"https:\/\/www.levillagedesfous.com\/en\/our-other-parks\/kids-forest\/\" \/>\n<meta property=\"og:site_name\" content=\"Le Village des Fous\" \/>\n<meta property=\"article:modified_time\" content=\"2022-02-28T14:43:39+00:00\" \/>\n<meta name=\"twitter:card\" content=\"summary_large_image\" \/>\n<meta name=\"twitter:label1\" content=\"Est. reading time\" \/>\n\t<meta name=\"twitter:data1\" content=\"1 minute\" \/>\n<script type=\"application\/ld+json\" class=\"yoast-schema-graph\">{\"@context\":\"https:\\\/\\\/schema.org\",\"@graph\":[{\"@type\":\"WebPage\",\"@id\":\"https:\\\/\\\/www.levillagedesfous.com\\\/en\\\/our-other-parks\\\/kids-forest\\\/\",\"url\":\"https:\\\/\\\/www.levillagedesfous.com\\\/en\\\/our-other-parks\\\/kids-forest\\\/\",\"name\":\"Pitchoun Forest - Le Village des Fous\",\"isPartOf\":{\"@id\":\"https:\\\/\\\/www.levillagedesfous.com\\\/en\\\/#website\"},\"datePublished\":\"2022-02-28T14:35:19+00:00\",\"dateModified\":\"2022-02-28T14:43:39+00:00\",\"breadcrumb\":{\"@id\":\"https:\\\/\\\/www.levillagedesfous.com\\\/en\\\/our-other-parks\\\/kids-forest\\\/#breadcrumb\"},\"inLanguage\":\"en-US\",\"potentialAction\":[{\"@type\":\"ReadAction\",\"target\":[\"https:\\\/\\\/www.levillagedesfous.com\\\/en\\\/our-other-parks\\\/kids-forest\\\/\"]}]},{\"@type\":\"BreadcrumbList\",\"@id\":\"https:\\\/\\\/www.levillagedesfous.com\\\/en\\\/our-other-parks\\\/kids-forest\\\/#breadcrumb\",\"itemListElement\":[{\"@type\":\"ListItem\",\"position\":1,\"name\":\"Accueil\",\"item\":\"https:\\\/\\\/www.levillagedesfous.com\\\/en\\\/\"},{\"@type\":\"ListItem\",\"position\":2,\"name\":\"Our other parks\",\"item\":\"https:\\\/\\\/www.levillagedesfous.com\\\/en\\\/our-other-parks\\\/\"},{\"@type\":\"ListItem\",\"position\":3,\"name\":\"Pitchoun Forest\"}]},{\"@type\":\"WebSite\",\"@id\":\"https:\\\/\\\/www.levillagedesfous.com\\\/en\\\/#website\",\"url\":\"https:\\\/\\\/www.levillagedesfous.com\\\/en\\\/\",\"name\":\"Le Village des Fous\",\"description\":\"Venez vivre des sensations...\",\"potentialAction\":[{\"@type\":\"SearchAction\",\"target\":{\"@type\":\"EntryPoint\",\"urlTemplate\":\"https:\\\/\\\/www.levillagedesfous.com\\\/en\\\/?s={search_term_string}\"},\"query-input\":{\"@type\":\"PropertyValueSpecification\",\"valueRequired\":true,\"valueName\":\"search_term_string\"}}],\"inLanguage\":\"en-US\"}]}<\/script>\n<!-- \/ Yoast SEO plugin. -->","yoast_head_json":{"title":"Pitchoun Forest - Le Village des Fous","robots":{"index":"index","follow":"follow","max-snippet":"max-snippet:-1","max-image-preview":"max-image-preview:large","max-video-preview":"max-video-preview:-1"},"canonical":"https:\/\/www.levillagedesfous.com\/en\/our-other-parks\/kids-forest\/","og_locale":"en_US","og_type":"article","og_title":"Pitchoun Forest - Le Village des Fous","og_description":"Pitchoun Forest le parcours aventure Pitchoun Forest est un parcours aventure pour les enfants \u00e0 partir d'1 m\u00e8tre (environ 3 ans) et les adultes qui souhaitent les accompagner.Des jeux ludo-\u00e9ducatifs sont \u00e9galement pr\u00e9sents au sol pour prolonger l\u2019amusement.Nos parcours sont dot\u00e9s d\u2019une ligne de vie automatique saferoller\u00ae ce qui \u00e9vite de fastidieuses manipulations de mousquetons. [&hellip;]","og_url":"https:\/\/www.levillagedesfous.com\/en\/our-other-parks\/kids-forest\/","og_site_name":"Le Village des Fous","article_modified_time":"2022-02-28T14:43:39+00:00","twitter_card":"summary_large_image","twitter_misc":{"Est. reading time":"1 minute"},"schema":{"@context":"https:\/\/schema.org","@graph":[{"@type":"WebPage","@id":"https:\/\/www.levillagedesfous.com\/en\/our-other-parks\/kids-forest\/","url":"https:\/\/www.levillagedesfous.com\/en\/our-other-parks\/kids-forest\/","name":"Pitchoun Forest - Le Village des Fous","isPartOf":{"@id":"https:\/\/www.levillagedesfous.com\/en\/#website"},"datePublished":"2022-02-28T14:35:19+00:00","dateModified":"2022-02-28T14:43:39+00:00","breadcrumb":{"@id":"https:\/\/www.levillagedesfous.com\/en\/our-other-parks\/kids-forest\/#breadcrumb"},"inLanguage":"en-US","potentialAction":[{"@type":"ReadAction","target":["https:\/\/www.levillagedesfous.com\/en\/our-other-parks\/kids-forest\/"]}]},{"@type":"BreadcrumbList","@id":"https:\/\/www.levillagedesfous.com\/en\/our-other-parks\/kids-forest\/#breadcrumb","itemListElement":[{"@type":"ListItem","position":1,"name":"Accueil","item":"https:\/\/www.levillagedesfous.com\/en\/"},{"@type":"ListItem","position":2,"name":"Our other parks","item":"https:\/\/www.levillagedesfous.com\/en\/our-other-parks\/"},{"@type":"ListItem","position":3,"name":"Pitchoun Forest"}]},{"@type":"WebSite","@id":"https:\/\/www.levillagedesfous.com\/en\/#website","url":"https:\/\/www.levillagedesfous.com\/en\/","name":"Le Village des Fous","description":"Venez vivre des sensations...","potentialAction":[{"@type":"SearchAction","target":{"@type":"EntryPoint","urlTemplate":"https:\/\/www.levillagedesfous.com\/en\/?s={search_term_string}"},"query-input":{"@type":"PropertyValueSpecification","valueRequired":true,"valueName":"search_term_string"}}],"inLanguage":"en-US"}]}},"_links":{"self":[{"href":"https:\/\/www.levillagedesfous.com\/en\/wp-json\/wp\/v2\/pages\/1946","targetHints":{"allow":["GET"]}}],"collection":[{"href":"https:\/\/www.levillagedesfous.com\/en\/wp-json\/wp\/v2\/pages"}],"about":[{"href":"https:\/\/www.levillagedesfous.com\/en\/wp-json\/wp\/v2\/types\/page"}],"author":[{"embeddable":true,"href":"https:\/\/www.levillagedesfous.com\/en\/wp-json\/wp\/v2\/users\/6"}],"replies":[{"embeddable":true,"href":"https:\/\/www.levillagedesfous.com\/en\/wp-json\/wp\/v2\/comments?post=1946"}],"version-history":[{"count":0,"href":"https:\/\/www.levillagedesfous.com\/en\/wp-json\/wp\/v2\/pages\/1946\/revisions"}],"up":[{"embeddable":true,"href":"https:\/\/www.levillagedesfous.com\/en\/wp-json\/wp\/v2\/pages\/1867"}],"wp:attachment":[{"href":"https:\/\/www.levillagedesfous.com\/en\/wp-json\/wp\/v2\/media?parent=1946"}],"curies":[{"name":"wp","href":"https:\/\/api.w.org\/{rel}","templated":true}]}}