{"id":1586,"date":"2019-04-28T19:42:29","date_gmt":"2019-04-28T17:42:29","guid":{"rendered":"https:\/\/www.levillagedesfous.com\/?page_id=1586"},"modified":"2022-02-28T15:24:34","modified_gmt":"2022-02-28T14:24:34","slug":"legal-information","status":"publish","type":"page","link":"https:\/\/www.levillagedesfous.com\/en\/legal-information\/","title":{"rendered":"Legal information"},"content":{"rendered":"<p>[et_pb_section fb_built=&#8221;1&#8243; admin_label=&#8221;section&#8221; _builder_version=&#8221;4.14.2&#8243; custom_margin=&#8221;0px||0px||false|false&#8221; custom_padding=&#8221;0px||0px||false|false&#8221; global_colors_info=&#8221;{}&#8221;][et_pb_row _builder_version=&#8221;4.14.7&#8243; _module_preset=&#8221;default&#8221; background_image=&#8221;https:\/\/www.levillagedesfous.com\/wp-content\/uploads\/2022\/01\/vdf-Attraction-Baignoire-Volante.jpg&#8221; width=&#8221;100%&#8221; max_width=&#8221;none&#8221; module_alignment=&#8221;center&#8221; min_height=&#8221;640px&#8221; min_height_tablet=&#8221;270px&#8221; min_height_phone=&#8221;270px&#8221; min_height_last_edited=&#8221;on|tablet&#8221; custom_margin=&#8221;0px||35px||false|false&#8221; custom_margin_tablet=&#8221;25px||||false|false&#8221; custom_margin_phone=&#8221;25px||||false|false&#8221; custom_margin_last_edited=&#8221;on|tablet&#8221; box_shadow_style=&#8221;preset3&#8243; global_colors_info=&#8221;{}&#8221;][et_pb_column type=&#8221;4_4&#8243; _builder_version=&#8221;4.14.7&#8243; _module_preset=&#8221;default&#8221; global_colors_info=&#8221;{}&#8221;][\/et_pb_column][\/et_pb_row][et_pb_row admin_label=&#8221;row&#8221; _builder_version=&#8221;4.14.2&#8243; background_size=&#8221;initial&#8221; background_position=&#8221;top_left&#8221; background_repeat=&#8221;repeat&#8221; custom_margin=&#8221;0px||||false|false&#8221; custom_padding=&#8221;0px||||false|false&#8221; global_colors_info=&#8221;{}&#8221;][et_pb_column type=&#8221;4_4&#8243; _builder_version=&#8221;3.25&#8243; custom_padding=&#8221;|||&#8221; global_colors_info=&#8221;{}&#8221; custom_padding__hover=&#8221;|||&#8221;][et_pb_text _builder_version=&#8221;4.14.8&#8243; _module_preset=&#8221;default&#8221; header_font=&#8221;Luckiest Guy|||on|||||&#8221; header_text_align=&#8221;center&#8221; header_text_color=&#8221;#BD0926&#8243; header_letter_spacing=&#8221;1px&#8221; header_2_font=&#8221;Aleo|700||||on|||&#8221; header_2_text_align=&#8221;center&#8221; header_2_text_color=&#8221;#9B5B27&#8243; header_3_font=&#8221;Aleo|600|||||||&#8221; header_3_text_align=&#8221;center&#8221; header_3_text_color=&#8221;#422C18&#8243; header_3_font_size=&#8221;21px&#8221; header_4_font=&#8221;Aleo||||||||&#8221; header_4_text_align=&#8221;center&#8221; header_4_text_color=&#8221;#9B5B27&#8243; header_4_font_size=&#8221;17px&#8221; header_5_font=&#8221;Aleo|700|||||||&#8221; header_5_text_align=&#8221;center&#8221; header_5_text_color=&#8221;#422C18&#8243; header_6_font=&#8221;Aleo||||||||&#8221; header_6_text_align=&#8221;center&#8221; header_6_text_color=&#8221;#9B5B27&#8243; global_colors_info=&#8221;{}&#8221;]<\/p>\n<h1>Legal notices<\/h1>\n<p>[\/et_pb_text][et_pb_text _builder_version=&#8221;4.14.8&#8243; _module_preset=&#8221;default&#8221; header_font=&#8221;Luckiest Guy||||||||&#8221; header_text_align=&#8221;center&#8221; header_text_color=&#8221;#BD0926&#8243; header_letter_spacing=&#8221;1px&#8221; header_2_font=&#8221;Aleo|700||||on|||&#8221; header_2_text_align=&#8221;center&#8221; header_2_text_color=&#8221;#9B5B27&#8243; header_3_font=&#8221;Aleo|600|||||||&#8221; header_3_text_align=&#8221;center&#8221; header_3_text_color=&#8221;#422C18&#8243; header_3_font_size=&#8221;21px&#8221; header_4_font=&#8221;Aleo||||||||&#8221; header_4_text_align=&#8221;center&#8221; header_4_text_color=&#8221;#9B5B27&#8243; header_4_font_size=&#8221;17px&#8221; header_5_font=&#8221;Aleo|700|||||||&#8221; header_5_text_align=&#8221;center&#8221; header_5_text_color=&#8221;#422C18&#8243; header_6_font=&#8221;Aleo||||||||&#8221; header_6_text_align=&#8221;center&#8221; header_6_text_color=&#8221;#9B5B27&#8243; text_orientation=&#8221;center&#8221; global_colors_info=&#8221;{}&#8221;]<\/p>\n<h3>Website editor<\/h3>\n<p>Amusement park : Le Village des Fous\u00a9<br \/>\nRegistered trademark by SAS Alpes Azur Aventures<\/p>\n<h3>Operation<\/h3>\n<p>SAS Alpes Azur Aventures with capital of 6.420 \u20ac<br \/>\n26, route de Grasse, 06270 Villeneuve-Loubet<br \/>\nRCS Antibes N\u00b0 442 035 960<\/p>\n<h3>Catering<\/h3>\n<p>La Taverne et le Bar des Fous<br \/>\nManagement operated by SARL MA\u00cfLYS<br \/>\n2559, route de Grasse, 06270 Villeneuve-Loubet<br \/>\nRCS Antibes N\u00b0 827 556 184<\/p>\n<h3>Email<\/h3>\n<p><a href=\"\/en\/contact\/\">use the contact form<\/a><\/p>\n<h3>Phone number<\/h3>\n<p>04.92.02.88.88<\/p>\n<p>VAT registration number<br \/>\nFR 37442035960<\/p>\n<h3>Publication\u2019s directors<\/h3>\n<p>Alexis Cacciardi and<br \/>\nEric Guilleman<\/p>\n<h3>Host<\/h3>\n<p>OVH \u2013 2 Rue Kellerman \u2013 59100 Roubaix \u2013 France<\/p>\n<h3>Website creator<\/h3>\n<p><a href=\"http:\/\/www.lesyeuxrouges.com\" target=\"_blank\" rel=\"noopener\">Les Yeux Rouges\u00ae<\/a><br \/>\n165 Route de la Madeleine &#8211; 06140 Tourrettes sur Loup<br \/>\n09.81.79.98.11<\/p>\n<h3>Relative informations to personal data protection<\/h3>\n<p>You are granted the right to obtain access, modification, rectification or removal of your personal data (art. N\u00b034 of the Law \u201cInformatique &#038; Libert\u00e9\u201d of the 6th of January 1978).<br \/>\nTo obtain it, please contact the web site\u2019s handler  <a href=\"\/en\/contact\/\">using the \u201ccontact page\u201d<\/a><\/p>\n<h3>Relative informations to cookies<\/h3>\n<p>However, you may prefer to disable cookies on this site and others.To do this, the most effective way is to disable cookies in your browser. We advise you to consult the help section of your browser.<\/p>\n<h3>R\u00e9clamation<\/h3>\n<p>Toute r\u00e9clamation doit \u00eatre adress\u00e9e au service clients du parc Le Village des Fous selon les modalit\u00e9s d\u00e9finies dans les conditions de vente. Apr\u00e8s avoir saisi le service relations client\u00e8le et \u00e0 d\u00e9faut de r\u00e9ponse satisfaisante dans un d\u00e9lai de 60 jours, le client peut saisir le m\u00e9diateur du Tourisme et du Voyage, dont les coordonn\u00e9es et modalit\u00e9s de saisine sont disponibles sur son site: <a class=\"waffle-rich-text-link\" href=\"http:\/\/www.mtv.travel\/\">www.mtv.travel<\/a>[\/et_pb_text][\/et_pb_column][\/et_pb_row][et_pb_row _builder_version=&#8221;4.14.7&#8243; _module_preset=&#8221;default&#8221; width=&#8221;100%&#8221; max_width=&#8221;none&#8221; module_alignment=&#8221;center&#8221; custom_margin=&#8221;0px||0px||false|false&#8221; custom_padding=&#8221;0px||0px||false|false&#8221; global_colors_info=&#8221;{}&#8221;][et_pb_column type=&#8221;4_4&#8243; _builder_version=&#8221;4.14.2&#8243; _module_preset=&#8221;default&#8221; global_colors_info=&#8221;{}&#8221;][et_pb_image src=&#8221;https:\/\/www.levillagedesfous.com\/wp-content\/uploads\/2021\/12\/vdf-ciseaux-important.jpg&#8221; alt=&#8221;Dessin d&#8217;une paire de ciseaux avec des yeux qui suivent des pointill\u00e9s&#8221; _builder_version=&#8221;4.14.2&#8243; _module_preset=&#8221;default&#8221; width=&#8221;100%&#8221; module_alignment=&#8221;center&#8221; global_colors_info=&#8221;{}&#8221;][\/et_pb_image][\/et_pb_column][\/et_pb_row][et_pb_row _builder_version=&#8221;4.14.8&#8243; _dynamic_attributes=&#8221;link_option_url&#8221; _module_preset=&#8221;default&#8221; background_color=&#8221;#BD0926&#8243; width=&#8221;100%&#8221; max_width=&#8221;none&#8221; custom_margin=&#8221;0px||0px||false|false&#8221; custom_padding=&#8221;5px|15%|5px|15%|false|false&#8221; link_option_url=&#8221;@ET-DC@eyJkeW5hbWljIjp0cnVlLCJjb250ZW50IjoicG9zdF9saW5rX3VybF9wYWdlIiwic2V0dGluZ3MiOnsicG9zdF9pZCI6IjI0MzAifX0=@&#8221; global_colors_info=&#8221;{}&#8221; theme_builder_area=&#8221;post_content&#8221;][et_pb_column type=&#8221;4_4&#8243; _builder_version=&#8221;4.14.7&#8243; _module_preset=&#8221;default&#8221; global_colors_info=&#8221;{}&#8221; theme_builder_area=&#8221;post_content&#8221;][et_pb_text _builder_version=&#8221;4.14.8&#8243; _module_preset=&#8221;default&#8221; text_font=&#8221;|700|||||||&#8221; text_text_color=&#8221;#FFFFFF&#8221; text_font_size=&#8221;16px&#8221; text_line_height=&#8221;1.1em&#8221; header_text_color=&#8221;#FFFFFF&#8221; header_3_font=&#8221;|600|||||||&#8221; header_3_text_align=&#8221;center&#8221; header_3_text_color=&#8221;#FFFFFF&#8221; header_3_font_size=&#8221;24px&#8221; header_3_letter_spacing=&#8221;2px&#8221; text_orientation=&#8221;center&#8221; custom_margin=&#8221;||0px||false|false&#8221; custom_padding=&#8221;10px||15px||false|false&#8221; global_colors_info=&#8221;{}&#8221; theme_builder_area=&#8221;post_content&#8221;]<\/p>\n<h3>To know everything<\/h3>\n<p>&gt;&gt;\u00a0on our promotions, our seasonal events and all the other news from our parks, subscribe to our newsletters\u00a0!\u00a0&lt;&lt;[\/et_pb_text][\/et_pb_column][\/et_pb_row][\/et_pb_section]<\/p>\n","protected":false},"excerpt":{"rendered":"<p>Legal noticesWebsite editor Amusement park : Le Village des Fous\u00a9 Registered trademark by SAS Alpes Azur Aventures Operation SAS Alpes Azur Aventures with capital of 6.420 \u20ac 26, route de Grasse, 06270 Villeneuve-Loubet RCS Antibes N\u00b0 442 035 960 Catering La Taverne et le Bar des Fous Management operated by SARL MA\u00cfLYS 2559, route de [&hellip;]<\/p>\n","protected":false},"author":7,"featured_media":0,"parent":0,"menu_order":0,"comment_status":"closed","ping_status":"closed","template":"","meta":{"_et_pb_use_builder":"on","_et_pb_old_content":"","_et_gb_content_width":"","footnotes":""},"class_list":["post-1586","page","type-page","status-publish","hentry"],"yoast_head":"<!-- This site is optimized with the Yoast SEO plugin v27.3 - https:\/\/yoast.com\/product\/yoast-seo-wordpress\/ -->\n<title>Legal information - Le Village des Fous<\/title>\n<meta name=\"robots\" content=\"index, follow, max-snippet:-1, max-image-preview:large, max-video-preview:-1\" \/>\n<link rel=\"canonical\" href=\"https:\/\/www.levillagedesfous.com\/en\/legal-information\/\" \/>\n<meta property=\"og:locale\" content=\"en_US\" \/>\n<meta property=\"og:type\" content=\"article\" \/>\n<meta property=\"og:title\" content=\"Legal information - Le Village des Fous\" \/>\n<meta property=\"og:description\" content=\"Legal noticesWebsite editor Amusement park : Le Village des Fous\u00a9 Registered trademark by SAS Alpes Azur Aventures Operation SAS Alpes Azur Aventures with capital of 6.420 \u20ac 26, route de Grasse, 06270 Villeneuve-Loubet RCS Antibes N\u00b0 442 035 960 Catering La Taverne et le Bar des Fous Management operated by SARL MA\u00cfLYS 2559, route de [&hellip;]\" \/>\n<meta property=\"og:url\" content=\"https:\/\/www.levillagedesfous.com\/en\/legal-information\/\" \/>\n<meta property=\"og:site_name\" content=\"Le Village des Fous\" \/>\n<meta property=\"article:modified_time\" content=\"2022-02-28T14:24:34+00:00\" \/>\n<meta name=\"twitter:card\" content=\"summary_large_image\" \/>\n<meta name=\"twitter:label1\" content=\"Est. reading time\" \/>\n\t<meta name=\"twitter:data1\" content=\"4 minutes\" \/>\n<script type=\"application\/ld+json\" class=\"yoast-schema-graph\">{\"@context\":\"https:\\\/\\\/schema.org\",\"@graph\":[{\"@type\":\"WebPage\",\"@id\":\"https:\\\/\\\/www.levillagedesfous.com\\\/en\\\/legal-information\\\/\",\"url\":\"https:\\\/\\\/www.levillagedesfous.com\\\/en\\\/legal-information\\\/\",\"name\":\"Legal information - Le Village des Fous\",\"isPartOf\":{\"@id\":\"https:\\\/\\\/www.levillagedesfous.com\\\/en\\\/#website\"},\"datePublished\":\"2019-04-28T17:42:29+00:00\",\"dateModified\":\"2022-02-28T14:24:34+00:00\",\"breadcrumb\":{\"@id\":\"https:\\\/\\\/www.levillagedesfous.com\\\/en\\\/legal-information\\\/#breadcrumb\"},\"inLanguage\":\"en-US\",\"potentialAction\":[{\"@type\":\"ReadAction\",\"target\":[\"https:\\\/\\\/www.levillagedesfous.com\\\/en\\\/legal-information\\\/\"]}]},{\"@type\":\"BreadcrumbList\",\"@id\":\"https:\\\/\\\/www.levillagedesfous.com\\\/en\\\/legal-information\\\/#breadcrumb\",\"itemListElement\":[{\"@type\":\"ListItem\",\"position\":1,\"name\":\"Accueil\",\"item\":\"https:\\\/\\\/www.levillagedesfous.com\\\/en\\\/\"},{\"@type\":\"ListItem\",\"position\":2,\"name\":\"Legal information\"}]},{\"@type\":\"WebSite\",\"@id\":\"https:\\\/\\\/www.levillagedesfous.com\\\/en\\\/#website\",\"url\":\"https:\\\/\\\/www.levillagedesfous.com\\\/en\\\/\",\"name\":\"Le Village des Fous\",\"description\":\"Venez vivre des sensations...\",\"potentialAction\":[{\"@type\":\"SearchAction\",\"target\":{\"@type\":\"EntryPoint\",\"urlTemplate\":\"https:\\\/\\\/www.levillagedesfous.com\\\/en\\\/?s={search_term_string}\"},\"query-input\":{\"@type\":\"PropertyValueSpecification\",\"valueRequired\":true,\"valueName\":\"search_term_string\"}}],\"inLanguage\":\"en-US\"}]}<\/script>\n<!-- \/ Yoast SEO plugin. -->","yoast_head_json":{"title":"Legal information - Le Village des Fous","robots":{"index":"index","follow":"follow","max-snippet":"max-snippet:-1","max-image-preview":"max-image-preview:large","max-video-preview":"max-video-preview:-1"},"canonical":"https:\/\/www.levillagedesfous.com\/en\/legal-information\/","og_locale":"en_US","og_type":"article","og_title":"Legal information - Le Village des Fous","og_description":"Legal noticesWebsite editor Amusement park : Le Village des Fous\u00a9 Registered trademark by SAS Alpes Azur Aventures Operation SAS Alpes Azur Aventures with capital of 6.420 \u20ac 26, route de Grasse, 06270 Villeneuve-Loubet RCS Antibes N\u00b0 442 035 960 Catering La Taverne et le Bar des Fous Management operated by SARL MA\u00cfLYS 2559, route de [&hellip;]","og_url":"https:\/\/www.levillagedesfous.com\/en\/legal-information\/","og_site_name":"Le Village des Fous","article_modified_time":"2022-02-28T14:24:34+00:00","twitter_card":"summary_large_image","twitter_misc":{"Est. reading time":"4 minutes"},"schema":{"@context":"https:\/\/schema.org","@graph":[{"@type":"WebPage","@id":"https:\/\/www.levillagedesfous.com\/en\/legal-information\/","url":"https:\/\/www.levillagedesfous.com\/en\/legal-information\/","name":"Legal information - Le Village des Fous","isPartOf":{"@id":"https:\/\/www.levillagedesfous.com\/en\/#website"},"datePublished":"2019-04-28T17:42:29+00:00","dateModified":"2022-02-28T14:24:34+00:00","breadcrumb":{"@id":"https:\/\/www.levillagedesfous.com\/en\/legal-information\/#breadcrumb"},"inLanguage":"en-US","potentialAction":[{"@type":"ReadAction","target":["https:\/\/www.levillagedesfous.com\/en\/legal-information\/"]}]},{"@type":"BreadcrumbList","@id":"https:\/\/www.levillagedesfous.com\/en\/legal-information\/#breadcrumb","itemListElement":[{"@type":"ListItem","position":1,"name":"Accueil","item":"https:\/\/www.levillagedesfous.com\/en\/"},{"@type":"ListItem","position":2,"name":"Legal information"}]},{"@type":"WebSite","@id":"https:\/\/www.levillagedesfous.com\/en\/#website","url":"https:\/\/www.levillagedesfous.com\/en\/","name":"Le Village des Fous","description":"Venez vivre des sensations...","potentialAction":[{"@type":"SearchAction","target":{"@type":"EntryPoint","urlTemplate":"https:\/\/www.levillagedesfous.com\/en\/?s={search_term_string}"},"query-input":{"@type":"PropertyValueSpecification","valueRequired":true,"valueName":"search_term_string"}}],"inLanguage":"en-US"}]}},"_links":{"self":[{"href":"https:\/\/www.levillagedesfous.com\/en\/wp-json\/wp\/v2\/pages\/1586","targetHints":{"allow":["GET"]}}],"collection":[{"href":"https:\/\/www.levillagedesfous.com\/en\/wp-json\/wp\/v2\/pages"}],"about":[{"href":"https:\/\/www.levillagedesfous.com\/en\/wp-json\/wp\/v2\/types\/page"}],"author":[{"embeddable":true,"href":"https:\/\/www.levillagedesfous.com\/en\/wp-json\/wp\/v2\/users\/7"}],"replies":[{"embeddable":true,"href":"https:\/\/www.levillagedesfous.com\/en\/wp-json\/wp\/v2\/comments?post=1586"}],"version-history":[{"count":0,"href":"https:\/\/www.levillagedesfous.com\/en\/wp-json\/wp\/v2\/pages\/1586\/revisions"}],"wp:attachment":[{"href":"https:\/\/www.levillagedesfous.com\/en\/wp-json\/wp\/v2\/media?parent=1586"}],"curies":[{"name":"wp","href":"https:\/\/api.w.org\/{rel}","templated":true}]}}