{"id":1582,"date":"2019-04-28T19:35:25","date_gmt":"2019-04-28T17:35:25","guid":{"rendered":"https:\/\/www.levillagedesfous.com\/?page_id=1582"},"modified":"2022-02-28T15:24:04","modified_gmt":"2022-02-28T14:24:04","slug":"partners","status":"publish","type":"page","link":"https:\/\/www.levillagedesfous.com\/en\/partners\/","title":{"rendered":"Partners"},"content":{"rendered":"<p>[et_pb_section fb_built=&#8221;1&#8243; admin_label=&#8221;section&#8221; _builder_version=&#8221;4.14.2&#8243; custom_margin=&#8221;0px||0px||false|false&#8221; custom_padding=&#8221;0px||0px||false|false&#8221; global_colors_info=&#8221;{}&#8221;][et_pb_row _builder_version=&#8221;4.14.7&#8243; _module_preset=&#8221;default&#8221; background_image=&#8221;https:\/\/www.levillagedesfous.com\/wp-content\/uploads\/2022\/01\/vdf-Attraction-Baignoire-Volante.jpg&#8221; width=&#8221;100%&#8221; max_width=&#8221;none&#8221; module_alignment=&#8221;center&#8221; min_height=&#8221;640px&#8221; min_height_tablet=&#8221;270px&#8221; min_height_phone=&#8221;270px&#8221; min_height_last_edited=&#8221;on|tablet&#8221; custom_margin=&#8221;0px||35px||false|false&#8221; custom_margin_tablet=&#8221;25px||||false|false&#8221; custom_margin_phone=&#8221;25px||||false|false&#8221; custom_margin_last_edited=&#8221;on|tablet&#8221; box_shadow_style=&#8221;preset3&#8243; global_colors_info=&#8221;{}&#8221;][et_pb_column type=&#8221;4_4&#8243; _builder_version=&#8221;4.14.7&#8243; _module_preset=&#8221;default&#8221; global_colors_info=&#8221;{}&#8221;][\/et_pb_column][\/et_pb_row][et_pb_row admin_label=&#8221;row&#8221; _builder_version=&#8221;4.14.2&#8243; background_size=&#8221;initial&#8221; background_position=&#8221;top_left&#8221; background_repeat=&#8221;repeat&#8221; custom_margin=&#8221;0px||||false|false&#8221; custom_padding=&#8221;0px||||false|false&#8221; global_colors_info=&#8221;{}&#8221;][et_pb_column type=&#8221;4_4&#8243; _builder_version=&#8221;3.25&#8243; custom_padding=&#8221;|||&#8221; global_colors_info=&#8221;{}&#8221; custom_padding__hover=&#8221;|||&#8221;][et_pb_text _builder_version=&#8221;4.14.8&#8243; _module_preset=&#8221;default&#8221; header_font=&#8221;Luckiest Guy|||on|||||&#8221; header_text_align=&#8221;center&#8221; header_text_color=&#8221;#BD0926&#8243; header_letter_spacing=&#8221;1px&#8221; header_2_font=&#8221;Aleo|700||||on|||&#8221; header_2_text_align=&#8221;center&#8221; header_2_text_color=&#8221;#9B5B27&#8243; header_3_font=&#8221;Aleo|600|||||||&#8221; header_3_text_align=&#8221;center&#8221; header_3_text_color=&#8221;#422C18&#8243; header_3_font_size=&#8221;21px&#8221; header_4_font=&#8221;Aleo||||||||&#8221; header_4_text_align=&#8221;center&#8221; header_4_text_color=&#8221;#9B5B27&#8243; header_4_font_size=&#8221;17px&#8221; header_5_font=&#8221;Aleo|700|||||||&#8221; header_5_text_align=&#8221;center&#8221; header_5_text_color=&#8221;#422C18&#8243; header_6_font=&#8221;Aleo||||||||&#8221; header_6_text_align=&#8221;center&#8221; header_6_text_color=&#8221;#9B5B27&#8243; global_colors_info=&#8221;{}&#8221;]<\/p>\n<h1>With the support of<\/h1>\n<p>[\/et_pb_text][\/et_pb_column][\/et_pb_row][et_pb_row column_structure=&#8221;1_3,1_3,1_3&#8243; module_class=&#8221;partenaires&#8221; _builder_version=&#8221;4.14.7&#8243; _module_preset=&#8221;default&#8221; background_color=&#8221;#FFFFFF&#8221; module_alignment=&#8221;center&#8221; custom_margin=&#8221;0px||||false|false&#8221; custom_padding=&#8221;0px||||false|false&#8221; global_colors_info=&#8221;{}&#8221;][et_pb_column type=&#8221;1_3&#8243; module_class=&#8221;col1&#8243; _builder_version=&#8221;4.14.7&#8243; _module_preset=&#8221;default&#8221; global_colors_info=&#8221;{}&#8221;][et_pb_image src=&#8221;https:\/\/www.levillagedesfous.com\/wp-content\/uploads\/2019\/02\/logo-comite-regional-tourisme.jpg&#8221; alt=&#8221;Logo comit\u00e9 r\u00e9gional tourisme c\u00f4te d&#8217;azur&#8221; url=&#8221;https:\/\/cotedazurfrance.fr\/&#8221; url_new_window=&#8221;on&#8221; align=&#8221;center&#8221; module_class=&#8221;part1&#8243; _builder_version=&#8221;4.14.7&#8243; _module_preset=&#8221;default&#8221; module_alignment=&#8221;center&#8221; border_radii=&#8221;on|15px|15px|15px|15px&#8221; global_colors_info=&#8221;{}&#8221;][\/et_pb_image][et_pb_image src=&#8221;https:\/\/www.levillagedesfous.com\/wp-content\/uploads\/2019\/02\/logo-Labyrinthe-Aventure.jpg&#8221; alt=&#8221;Logo Labyrinthe Aventure&#8221; url=&#8221;https:\/\/www.labyrinthe.ch\/&#8221; url_new_window=&#8221;on&#8221; module_class=&#8221;part2&#8243; _builder_version=&#8221;4.14.2&#8243; _module_preset=&#8221;default&#8221; global_colors_info=&#8221;{}&#8221;][\/et_pb_image][\/et_pb_column][et_pb_column type=&#8221;1_3&#8243; module_class=&#8221;col2&#8243; _builder_version=&#8221;4.14.7&#8243; _module_preset=&#8221;default&#8221; global_colors_info=&#8221;{}&#8221;][et_pb_image src=&#8221;https:\/\/www.levillagedesfous.com\/wp-content\/uploads\/2019\/02\/logo-Pepiniere-Gaudissart.jpg&#8221; alt=&#8221;Logo P\u00e9pini\u00e8re Gaudissart&#8221; url=&#8221;https:\/\/www.pepinieres-gaudissart.fr\/&#8221; url_new_window=&#8221;on&#8221; module_class=&#8221;part1&#8243; _builder_version=&#8221;4.14.2&#8243; _module_preset=&#8221;default&#8221; global_colors_info=&#8221;{}&#8221;][\/et_pb_image][et_pb_image src=&#8221;https:\/\/www.levillagedesfous.com\/wp-content\/uploads\/2019\/02\/logo-Villeneuve-Loubet.jpg&#8221; alt=&#8221;Logo Office de tourisme de Villeneuve-Loubet&#8221; url=&#8221;https:\/\/www.villeneuve-tourisme.com\/&#8221; url_new_window=&#8221;on&#8221; module_class=&#8221;part2&#8243; _builder_version=&#8221;4.14.2&#8243; _module_preset=&#8221;default&#8221; global_colors_info=&#8221;{}&#8221;][\/et_pb_image][\/et_pb_column][et_pb_column type=&#8221;1_3&#8243; module_class=&#8221;col3&#8243; _builder_version=&#8221;4.14.7&#8243; _module_preset=&#8221;default&#8221; global_colors_info=&#8221;{}&#8221;][et_pb_image src=&#8221;https:\/\/www.levillagedesfous.com\/wp-content\/uploads\/2019\/02\/logo-Kidiklik.jpg&#8221; alt=&#8221;Logo Kidiklik&#8221; url=&#8221;https:\/\/06.kidiklik.fr\/bouger-famille\/1315-village-fous.html&#8221; url_new_window=&#8221;on&#8221; module_class=&#8221;part1&#8243; _builder_version=&#8221;4.14.2&#8243; _module_preset=&#8221;default&#8221; global_colors_info=&#8221;{}&#8221;][\/et_pb_image][et_pb_image src=&#8221;https:\/\/www.levillagedesfous.com\/wp-content\/uploads\/2019\/04\/logo-eklabul.jpg&#8221; alt=&#8221;Logo eklabul &#8211; \u00e9v\u00e9nements &#8211; animations &#8211; sp\u00e9ctacles&#8221; url=&#8221;https:\/\/www.eklabul.com\/&#8221; url_new_window=&#8221;on&#8221; align=&#8221;center&#8221; module_class=&#8221;part2&#8243; _builder_version=&#8221;4.14.2&#8243; _module_preset=&#8221;default&#8221; module_alignment=&#8221;center&#8221; border_radii=&#8221;on|15px|15px|15px|15px&#8221; global_colors_info=&#8221;{}&#8221;][\/et_pb_image][\/et_pb_column][\/et_pb_row][et_pb_row _builder_version=&#8221;4.14.2&#8243; _module_preset=&#8221;default&#8221; width=&#8221;100%&#8221; max_width=&#8221;none&#8221; custom_margin=&#8221;0px||0px||false|false&#8221; custom_padding=&#8221;0px||0px||false|false&#8221; global_colors_info=&#8221;{}&#8221;][et_pb_column type=&#8221;4_4&#8243; _builder_version=&#8221;4.14.2&#8243; _module_preset=&#8221;default&#8221; global_colors_info=&#8221;{}&#8221;][et_pb_image src=&#8221;https:\/\/www.levillagedesfous.com\/wp-content\/uploads\/2021\/12\/vdf-ciseaux-restauration.jpg&#8221; alt=&#8221;Dessin d&#8217;une paire de ciseaux avec des yeux qui suivent des pointill\u00e9s&#8221; _builder_version=&#8221;4.14.2&#8243; _module_preset=&#8221;default&#8221; width=&#8221;100%&#8221; module_alignment=&#8221;center&#8221; global_colors_info=&#8221;{}&#8221;][\/et_pb_image][\/et_pb_column][\/et_pb_row][et_pb_row _builder_version=&#8221;4.14.8&#8243; _dynamic_attributes=&#8221;link_option_url&#8221; _module_preset=&#8221;default&#8221; background_color=&#8221;#BD0926&#8243; width=&#8221;100%&#8221; max_width=&#8221;none&#8221; custom_margin=&#8221;0px||0px||false|false&#8221; custom_padding=&#8221;5px|15%|5px|15%|false|false&#8221; link_option_url=&#8221;@ET-DC@eyJkeW5hbWljIjp0cnVlLCJjb250ZW50IjoicG9zdF9saW5rX3VybF9wYWdlIiwic2V0dGluZ3MiOnsicG9zdF9pZCI6IjI0MzAifX0=@&#8221; global_colors_info=&#8221;{}&#8221; theme_builder_area=&#8221;post_content&#8221;][et_pb_column type=&#8221;4_4&#8243; _builder_version=&#8221;4.14.7&#8243; _module_preset=&#8221;default&#8221; global_colors_info=&#8221;{}&#8221; theme_builder_area=&#8221;post_content&#8221;][et_pb_text _builder_version=&#8221;4.14.8&#8243; _module_preset=&#8221;default&#8221; text_font=&#8221;|700|||||||&#8221; text_text_color=&#8221;#FFFFFF&#8221; text_font_size=&#8221;16px&#8221; text_line_height=&#8221;1.1em&#8221; header_text_color=&#8221;#FFFFFF&#8221; header_3_font=&#8221;|600|||||||&#8221; header_3_text_align=&#8221;center&#8221; header_3_text_color=&#8221;#FFFFFF&#8221; header_3_font_size=&#8221;24px&#8221; header_3_letter_spacing=&#8221;2px&#8221; text_orientation=&#8221;center&#8221; custom_margin=&#8221;||0px||false|false&#8221; custom_padding=&#8221;10px||15px||false|false&#8221; global_colors_info=&#8221;{}&#8221; theme_builder_area=&#8221;post_content&#8221;]<\/p>\n<h3>To know everything<\/h3>\n<p>&gt;&gt;\u00a0on our promotions, our seasonal events and all the other news from our parks, subscribe to our newsletters\u00a0!\u00a0&lt;&lt;[\/et_pb_text][\/et_pb_column][\/et_pb_row][\/et_pb_section]<\/p>\n","protected":false},"excerpt":{"rendered":"<p>With the support ofTo know everything &gt;&gt;\u00a0on our promotions, our seasonal events and all the other news from our parks, subscribe to our newsletters\u00a0!\u00a0&lt;&lt;<\/p>\n","protected":false},"author":7,"featured_media":0,"parent":0,"menu_order":0,"comment_status":"closed","ping_status":"closed","template":"","meta":{"_et_pb_use_builder":"on","_et_pb_old_content":"","_et_gb_content_width":"","footnotes":""},"class_list":["post-1582","page","type-page","status-publish","hentry"],"yoast_head":"<!-- This site is optimized with the Yoast SEO plugin v27.3 - https:\/\/yoast.com\/product\/yoast-seo-wordpress\/ -->\n<title>Partners - Le Village des Fous<\/title>\n<meta name=\"robots\" content=\"index, follow, max-snippet:-1, max-image-preview:large, max-video-preview:-1\" \/>\n<link rel=\"canonical\" href=\"https:\/\/www.levillagedesfous.com\/en\/partners\/\" \/>\n<meta property=\"og:locale\" content=\"en_US\" \/>\n<meta property=\"og:type\" content=\"article\" \/>\n<meta property=\"og:title\" content=\"Partners - Le Village des Fous\" \/>\n<meta property=\"og:description\" content=\"With the support ofTo know everything &gt;&gt;\u00a0on our promotions, our seasonal events and all the other news from our parks, subscribe to our newsletters\u00a0!\u00a0&lt;&lt;\" \/>\n<meta property=\"og:url\" content=\"https:\/\/www.levillagedesfous.com\/en\/partners\/\" \/>\n<meta property=\"og:site_name\" content=\"Le Village des Fous\" \/>\n<meta property=\"article:modified_time\" content=\"2022-02-28T14:24:04+00:00\" \/>\n<meta name=\"twitter:card\" content=\"summary_large_image\" \/>\n<meta name=\"twitter:label1\" content=\"Est. reading time\" \/>\n\t<meta name=\"twitter:data1\" content=\"5 minutes\" \/>\n<script type=\"application\/ld+json\" class=\"yoast-schema-graph\">{\"@context\":\"https:\\\/\\\/schema.org\",\"@graph\":[{\"@type\":\"WebPage\",\"@id\":\"https:\\\/\\\/www.levillagedesfous.com\\\/en\\\/partners\\\/\",\"url\":\"https:\\\/\\\/www.levillagedesfous.com\\\/en\\\/partners\\\/\",\"name\":\"Partners - Le Village des Fous\",\"isPartOf\":{\"@id\":\"https:\\\/\\\/www.levillagedesfous.com\\\/en\\\/#website\"},\"datePublished\":\"2019-04-28T17:35:25+00:00\",\"dateModified\":\"2022-02-28T14:24:04+00:00\",\"breadcrumb\":{\"@id\":\"https:\\\/\\\/www.levillagedesfous.com\\\/en\\\/partners\\\/#breadcrumb\"},\"inLanguage\":\"en-US\",\"potentialAction\":[{\"@type\":\"ReadAction\",\"target\":[\"https:\\\/\\\/www.levillagedesfous.com\\\/en\\\/partners\\\/\"]}]},{\"@type\":\"BreadcrumbList\",\"@id\":\"https:\\\/\\\/www.levillagedesfous.com\\\/en\\\/partners\\\/#breadcrumb\",\"itemListElement\":[{\"@type\":\"ListItem\",\"position\":1,\"name\":\"Accueil\",\"item\":\"https:\\\/\\\/www.levillagedesfous.com\\\/en\\\/\"},{\"@type\":\"ListItem\",\"position\":2,\"name\":\"Partners\"}]},{\"@type\":\"WebSite\",\"@id\":\"https:\\\/\\\/www.levillagedesfous.com\\\/en\\\/#website\",\"url\":\"https:\\\/\\\/www.levillagedesfous.com\\\/en\\\/\",\"name\":\"Le Village des Fous\",\"description\":\"Venez vivre des sensations...\",\"potentialAction\":[{\"@type\":\"SearchAction\",\"target\":{\"@type\":\"EntryPoint\",\"urlTemplate\":\"https:\\\/\\\/www.levillagedesfous.com\\\/en\\\/?s={search_term_string}\"},\"query-input\":{\"@type\":\"PropertyValueSpecification\",\"valueRequired\":true,\"valueName\":\"search_term_string\"}}],\"inLanguage\":\"en-US\"}]}<\/script>\n<!-- \/ Yoast SEO plugin. -->","yoast_head_json":{"title":"Partners - Le Village des Fous","robots":{"index":"index","follow":"follow","max-snippet":"max-snippet:-1","max-image-preview":"max-image-preview:large","max-video-preview":"max-video-preview:-1"},"canonical":"https:\/\/www.levillagedesfous.com\/en\/partners\/","og_locale":"en_US","og_type":"article","og_title":"Partners - Le Village des Fous","og_description":"With the support ofTo know everything &gt;&gt;\u00a0on our promotions, our seasonal events and all the other news from our parks, subscribe to our newsletters\u00a0!\u00a0&lt;&lt;","og_url":"https:\/\/www.levillagedesfous.com\/en\/partners\/","og_site_name":"Le Village des Fous","article_modified_time":"2022-02-28T14:24:04+00:00","twitter_card":"summary_large_image","twitter_misc":{"Est. reading time":"5 minutes"},"schema":{"@context":"https:\/\/schema.org","@graph":[{"@type":"WebPage","@id":"https:\/\/www.levillagedesfous.com\/en\/partners\/","url":"https:\/\/www.levillagedesfous.com\/en\/partners\/","name":"Partners - Le Village des Fous","isPartOf":{"@id":"https:\/\/www.levillagedesfous.com\/en\/#website"},"datePublished":"2019-04-28T17:35:25+00:00","dateModified":"2022-02-28T14:24:04+00:00","breadcrumb":{"@id":"https:\/\/www.levillagedesfous.com\/en\/partners\/#breadcrumb"},"inLanguage":"en-US","potentialAction":[{"@type":"ReadAction","target":["https:\/\/www.levillagedesfous.com\/en\/partners\/"]}]},{"@type":"BreadcrumbList","@id":"https:\/\/www.levillagedesfous.com\/en\/partners\/#breadcrumb","itemListElement":[{"@type":"ListItem","position":1,"name":"Accueil","item":"https:\/\/www.levillagedesfous.com\/en\/"},{"@type":"ListItem","position":2,"name":"Partners"}]},{"@type":"WebSite","@id":"https:\/\/www.levillagedesfous.com\/en\/#website","url":"https:\/\/www.levillagedesfous.com\/en\/","name":"Le Village des Fous","description":"Venez vivre des sensations...","potentialAction":[{"@type":"SearchAction","target":{"@type":"EntryPoint","urlTemplate":"https:\/\/www.levillagedesfous.com\/en\/?s={search_term_string}"},"query-input":{"@type":"PropertyValueSpecification","valueRequired":true,"valueName":"search_term_string"}}],"inLanguage":"en-US"}]}},"_links":{"self":[{"href":"https:\/\/www.levillagedesfous.com\/en\/wp-json\/wp\/v2\/pages\/1582","targetHints":{"allow":["GET"]}}],"collection":[{"href":"https:\/\/www.levillagedesfous.com\/en\/wp-json\/wp\/v2\/pages"}],"about":[{"href":"https:\/\/www.levillagedesfous.com\/en\/wp-json\/wp\/v2\/types\/page"}],"author":[{"embeddable":true,"href":"https:\/\/www.levillagedesfous.com\/en\/wp-json\/wp\/v2\/users\/7"}],"replies":[{"embeddable":true,"href":"https:\/\/www.levillagedesfous.com\/en\/wp-json\/wp\/v2\/comments?post=1582"}],"version-history":[{"count":0,"href":"https:\/\/www.levillagedesfous.com\/en\/wp-json\/wp\/v2\/pages\/1582\/revisions"}],"wp:attachment":[{"href":"https:\/\/www.levillagedesfous.com\/en\/wp-json\/wp\/v2\/media?parent=1582"}],"curies":[{"name":"wp","href":"https:\/\/api.w.org\/{rel}","templated":true}]}}